{"id":12,"date":"2022-04-23T11:46:33","date_gmt":"2022-04-23T09:46:33","guid":{"rendered":"https:\/\/www.srodkowa7.pl\/?page_id=12"},"modified":"2022-12-01T20:23:14","modified_gmt":"2022-12-01T19:23:14","slug":"kontrahenci","status":"publish","type":"page","link":"https:\/\/www.srodkowa7.pl\/?page_id=12","title":{"rendered":"Kontrahenci"},"content":{"rendered":"\n    \n    <section class=\"u-align-center u-clearfix u-custom-color-1 u-section-2\" id=\"sec-d206\">\n      <div class=\"u-clearfix u-sheet u-sheet-1\">\n        <h2 class=\"u-align-center u-custom-font u-text u-text-body-alt-color u-text-1\">Kontrahenci<\/h2>\n        <div class=\"u-clearfix u-expanded-width u-layout-wrap u-white u-layout-wrap-1\">\n          <div class=\"u-layout\">\n            <div class=\"u-layout-row\">\n              <div class=\"u-size-30 u-size-60-md\">\n                <div class=\"u-layout-col\">\n                  <div class=\"u-container-style u-layout-cell u-size-60 u-white u-layout-cell-1\">\n                    <div class=\"u-container-layout u-valign-bottom u-container-layout-1\">\n                      <h3 class=\"u-text u-text-default u-text-2\">Aktualno\u015bci<\/h3>\n                      <div class=\"u-widget u-widget-1\">\n\t\t<div class=\"widget widget_recent_entries\">\n\t\t<h2 class=\"widgettitle\">Ostatnie wpisy<\/h2>\n\t\t<ul>\n\t\t\t\t\t\t\t\t\t\t\t<li>\n\t\t\t\t\t<a href=\"https:\/\/www.srodkowa7.pl\/?p=269\">Wymiana drzwi wej\u015bciowych do lokali mieszkalnych<\/a>\n\t\t\t\t\t\t\t\t\t\t\t<span class=\"post-date\">22 czerwca 2023<\/span>\n\t\t\t\t\t\t\t\t\t<\/li>\n\t\t\t\t\t\t\t\t\t\t\t<li>\n\t\t\t\t\t<a href=\"https:\/\/www.srodkowa7.pl\/?p=196\">Przegl\u0105d kominiarski<\/a>\n\t\t\t\t\t\t\t\t\t\t\t<span class=\"post-date\">1 grudnia 2022<\/span>\n\t\t\t\t\t\t\t\t\t<\/li>\n\t\t\t\t\t\t\t\t\t\t\t<li>\n\t\t\t\t\t<a href=\"https:\/\/www.srodkowa7.pl\/?p=209\">Przegl\u0105d gazowy<\/a>\n\t\t\t\t\t\t\t\t\t\t\t<span class=\"post-date\">29 listopada 2022<\/span>\n\t\t\t\t\t\t\t\t\t<\/li>\n\t\t\t\t\t<\/ul>\n\n\t\t<\/div><\/div>\n                    <\/div>\n                  <\/div>\n                <\/div>\n              <\/div>\n              <div class=\"u-size-30 u-size-60-md\">\n                <div class=\"u-layout-col\">\n                  <div class=\"u-size-30\">\n                    <div class=\"u-layout-row\">\n                      <div class=\"u-align-left u-container-style u-layout-cell u-size-30 u-layout-cell-2\">\n                        <div class=\"u-container-layout u-valign-bottom u-container-layout-2\">\n                          <div class=\"u-container-style u-custom-color-1 u-expanded-width u-group u-radius-30 u-shape-round u-group-1\">\n                            <div class=\"u-container-layout u-valign-middle u-container-layout-3\">\n                              <a href=\"#\" class=\"u-active-none u-border-5 u-border-active-white u-border-custom-color-2 u-border-hover-custom-color-1 u-btn u-button-style u-hover-none u-none u-text-body-alt-color u-btn-1\">Informacje<\/a>\n                            <\/div>\n                          <\/div>\n                        <\/div>\n                      <\/div>\n                      <div class=\"u-container-style u-layout-cell u-size-30 u-layout-cell-3\">\n                        <div class=\"u-container-layout u-valign-bottom u-container-layout-4\">\n                          <div class=\"u-container-style u-custom-color-1 u-expanded-width u-group u-radius-30 u-shape-round u-group-2\">\n                            <div class=\"u-container-layout u-valign-middle u-container-layout-5\">\n                              <a href=\"#\" class=\"u-active-none u-border-5 u-border-active-white u-border-custom-color-2 u-border-hover-custom-color-1 u-btn u-button-style u-hover-none u-none u-text-body-alt-color u-btn-2\">Og\u0142oszenia<\/a>\n                            <\/div>\n                          <\/div>\n                        <\/div>\n                      <\/div>\n                    <\/div>\n                  <\/div>\n                  <div class=\"u-size-30\">\n                    <div class=\"u-layout-row\">\n                      <div class=\"u-container-style u-layout-cell u-size-30 u-layout-cell-4\">\n                        <div class=\"u-container-layout u-valign-bottom u-container-layout-6\">\n                          <div class=\"u-container-style u-custom-color-1 u-expanded-width u-group u-radius-30 u-shape-round u-group-3\">\n                            <div class=\"u-container-layout u-valign-middle u-container-layout-7\">\n                              <a href=\"https:\/\/www.srodkowa7.pl\/?page_id=206\" class=\"u-active-none u-border-5 u-border-active-white u-border-custom-color-2 u-border-hover-custom-color-1 u-btn u-button-style u-hover-none u-none u-text-body-alt-color u-btn-3\">Zapytania Ofertowe<\/a>\n                            <\/div>\n                          <\/div>\n                        <\/div>\n                      <\/div>\n                      <div class=\"u-container-style u-layout-cell u-size-30 u-layout-cell-5\">\n                        <div class=\"u-container-layout u-valign-bottom u-container-layout-8\">\n                          <div class=\"u-container-style u-custom-color-1 u-expanded-width u-group u-radius-30 u-shape-round u-group-4\">\n                            <div class=\"u-container-layout u-valign-middle u-container-layout-9\">\n                              <a href=\"#\" class=\"u-active-none u-border-5 u-border-active-white u-border-custom-color-2 u-border-hover-custom-color-1 u-btn u-button-style u-hover-none u-none u-text-body-alt-color u-btn-4\">Wybrani wykonawcy<\/a>\n                            <\/div>\n                          <\/div>\n                        <\/div>\n                      <\/div>\n                    <\/div>\n                  <\/div>\n                <\/div>\n              <\/div>\n            <\/div>\n          <\/div>\n        <\/div>\n      <\/div>\n    <\/section>\n    \n    \n  \n","protected":false},"excerpt":{"rendered":"<p>Kontrahenci Aktualno\u015bci Ostatnie wpisy Wymiana drzwi wej\u015bciowych do lokali mieszkalnych 22 czerwca 2023 Przegl\u0105d kominiarski 1 grudnia 2022 Przegl\u0105d gazowy 29 listopada 2022 Informacje Og\u0142oszenia Zapytania Ofertowe Wybrani wykonawcy<\/p>\n","protected":false},"author":1,"featured_media":0,"parent":0,"menu_order":1,"comment_status":"closed","ping_status":"closed","template":"","meta":{"footnotes":""},"class_list":["post-12","page","type-page","status-publish","hentry"],"_links":{"self":[{"href":"https:\/\/www.srodkowa7.pl\/index.php?rest_route=\/wp\/v2\/pages\/12","targetHints":{"allow":["GET"]}}],"collection":[{"href":"https:\/\/www.srodkowa7.pl\/index.php?rest_route=\/wp\/v2\/pages"}],"about":[{"href":"https:\/\/www.srodkowa7.pl\/index.php?rest_route=\/wp\/v2\/types\/page"}],"author":[{"embeddable":true,"href":"https:\/\/www.srodkowa7.pl\/index.php?rest_route=\/wp\/v2\/users\/1"}],"replies":[{"embeddable":true,"href":"https:\/\/www.srodkowa7.pl\/index.php?rest_route=%2Fwp%2Fv2%2Fcomments&post=12"}],"version-history":[{"count":6,"href":"https:\/\/www.srodkowa7.pl\/index.php?rest_route=\/wp\/v2\/pages\/12\/revisions"}],"predecessor-version":[{"id":222,"href":"https:\/\/www.srodkowa7.pl\/index.php?rest_route=\/wp\/v2\/pages\/12\/revisions\/222"}],"wp:attachment":[{"href":"https:\/\/www.srodkowa7.pl\/index.php?rest_route=%2Fwp%2Fv2%2Fmedia&parent=12"}],"curies":[{"name":"wp","href":"https:\/\/api.w.org\/{rel}","templated":true}]}}