{"id":13,"date":"2022-04-23T11:46:34","date_gmt":"2022-04-23T09:46:34","guid":{"rendered":"https:\/\/www.srodkowa7.pl\/?page_id=13"},"modified":"2022-05-11T20:33:56","modified_gmt":"2022-05-11T18:33:56","slug":"wspolnota","status":"publish","type":"page","link":"https:\/\/www.srodkowa7.pl\/","title":{"rendered":"Wsp\u00f3lnota"},"content":{"rendered":"\n    \n    <section class=\"u-align-center u-clearfix u-custom-color-1 u-section-2\" id=\"carousel_7e7f\">\n      <div class=\"u-clearfix u-sheet u-sheet-1\">\n        <div class=\"u-absolute-hcenter u-align-left u-expanded-width u-line u-line-horizontal u-opacity u-opacity-70 u-line-1\"><\/div>\n        <h2 class=\"u-custom-font u-text u-text-body-alt-color u-text-1\">Witamy mieszka\u0144c\u00f3w kamienicy<\/h2>\n        <div class=\"u-clearfix u-expanded-width u-gutter-0 u-layout-wrap u-white u-layout-wrap-1\">\n          <div class=\"u-gutter-0 u-layout\">\n            <div class=\"u-layout-row\">\n              <div class=\"u-container-style u-layout-cell u-radius-34 u-size-36-lg u-size-39-xl u-size-60-md u-size-60-sm u-size-60-xs u-white u-layout-cell-1\">\n                <div class=\"u-container-layout u-container-layout-1\">\n                  <div class=\"fr-view u-clearfix u-rich-text u-text u-text-2\">\n                    <h1 style=\"text-align: justify;\">\n                      <span style=\"font-weight: 700;\">Historia \u015arodkowej 7<\/span>\n                    <\/h1>\n                    <p id=\"isPasted\" style=\"text-align: justify;\">\n                      <span style=\"font-weight: 300;\">Kamienica powsta\u0142a na dzia\u0142ce pod nr 7 przy ulicy \u015arodkowej, niegdy\u015b g\u0142\u00f3wnym trakcie Nowej Pragi prowadz\u0105cym w kierunku dworca kolei warszawsko-petersburskiej. W kwietniu 1934 roku jej budow\u0119 na rogu z ulic\u0105 Stalow\u0105 rozpocz\u0119li Wac\u0142aw i W\u0142adys\u0142awa Bagi\u0144scy. Budynek uko\u0144czono ju\u017c w grudniu, a jego w\u0142a\u015bcicielami zostali Wac\u0142aw i Cecylia Wojnarowiczowie. Wojenn\u0105 zawieruch\u0119 nieruchomo\u015b\u0107 przetrwa\u0142a praktycznie bez szwanku. Pomimo tego w 1955 roku pad\u0142a ofiar\u0105 tzw. dekretu Bieruta i przesz\u0142a na ponad 50 lat w r\u0119ce Skarbu Pa\u0144stwa. Dzi\u015b ponownie jest w r\u0119kach prywatnych, ale wieloletnie zaniedbania komunistycznych w\u0142adz zostawi\u0142y swoje pi\u0119tno na modernistycznej fasadzie budynku. Wsp\u00f3lnota Mieszkaniowa przy ul. \u015arodkowej 7, kt\u00f3ra zawi\u0105za\u0142a si\u0119 na mocy postanowienia S\u0105du Rejonowego dla Warszawy Pragi-P\u00f3\u0142noc, czyni starania, aby przywr\u00f3ci\u0107 jej dawny wygl\u0105d i wsp\u00f3\u0142czesn\u0105 funkcjonalno\u015b\u0107.<\/span>\n                    <\/p>\n                  <\/div>\n                <\/div>\n              <\/div>\n              <div class=\"u-container-style u-layout-cell u-size-21-xl u-size-24-lg u-size-60-md u-size-60-sm u-size-60-xs u-layout-cell-2\">\n                <div class=\"u-container-layout u-valign-top-sm u-valign-top-xs u-container-layout-2\">\n                  <img decoding=\"async\" class=\"u-border-4 u-border-palette-3-base u-image u-image-default u-preserve-proportions u-image-1\" src=\"https:\/\/www.srodkowa7.pl\/wp-content\/uploads\/2022\/04\/S7.jpg\" alt=\"\" data-image-width=\"765\" data-image-height=\"765\">\n                <\/div>\n              <\/div>\n            <\/div>\n          <\/div>\n        <\/div>\n      <\/div>\n    <\/section>\n    \n    \n  \n","protected":false},"excerpt":{"rendered":"<p>Witamy mieszka\u0144c\u00f3w kamienicy Historia \u015arodkowej 7 Kamienica powsta\u0142a na dzia\u0142ce pod nr 7 przy ulicy \u015arodkowej, niegdy\u015b g\u0142\u00f3wnym trakcie Nowej Pragi prowadz\u0105cym w kierunku dworca kolei warszawsko-petersburskiej. W kwietniu 1934 roku jej budow\u0119 na rogu z ulic\u0105 Stalow\u0105 rozpocz\u0119li Wac\u0142aw i W\u0142adys\u0142awa Bagi\u0144scy. Budynek uko\u0144czono ju\u017c w grudniu, a jego w\u0142a\u015bcicielami zostali Wac\u0142aw i Cecylia &hellip; <a href=\"https:\/\/www.srodkowa7.pl\/\" class=\"more-link\">Continue reading<span class=\"screen-reader-text\"> &#8220;Wsp\u00f3lnota&#8221;<\/span><\/a><\/p>\n","protected":false},"author":1,"featured_media":0,"parent":0,"menu_order":2,"comment_status":"closed","ping_status":"closed","template":"","meta":{"footnotes":""},"class_list":["post-13","page","type-page","status-publish","hentry"],"_links":{"self":[{"href":"https:\/\/www.srodkowa7.pl\/index.php?rest_route=\/wp\/v2\/pages\/13","targetHints":{"allow":["GET"]}}],"collection":[{"href":"https:\/\/www.srodkowa7.pl\/index.php?rest_route=\/wp\/v2\/pages"}],"about":[{"href":"https:\/\/www.srodkowa7.pl\/index.php?rest_route=\/wp\/v2\/types\/page"}],"author":[{"embeddable":true,"href":"https:\/\/www.srodkowa7.pl\/index.php?rest_route=\/wp\/v2\/users\/1"}],"replies":[{"embeddable":true,"href":"https:\/\/www.srodkowa7.pl\/index.php?rest_route=%2Fwp%2Fv2%2Fcomments&post=13"}],"version-history":[{"count":2,"href":"https:\/\/www.srodkowa7.pl\/index.php?rest_route=\/wp\/v2\/pages\/13\/revisions"}],"predecessor-version":[{"id":192,"href":"https:\/\/www.srodkowa7.pl\/index.php?rest_route=\/wp\/v2\/pages\/13\/revisions\/192"}],"wp:attachment":[{"href":"https:\/\/www.srodkowa7.pl\/index.php?rest_route=%2Fwp%2Fv2%2Fmedia&parent=13"}],"curies":[{"name":"wp","href":"https:\/\/api.w.org\/{rel}","templated":true}]}}