{"id":15,"date":"2022-04-23T11:46:36","date_gmt":"2022-04-23T09:46:36","guid":{"rendered":"https:\/\/www.srodkowa7.pl\/?page_id=15"},"modified":"2022-04-23T11:46:37","modified_gmt":"2022-04-23T09:46:37","slug":"kontakt","status":"publish","type":"page","link":"https:\/\/www.srodkowa7.pl\/?page_id=15","title":{"rendered":"Kontakt"},"content":{"rendered":"\n  \n    <section class=\"u-clearfix u-section-1\" id=\"carousel_8ef6\">\n      <div class=\"u-clearfix u-sheet u-sheet-1\">\n        <div class=\"u-align-right u-border-1 u-border-custom-color-1 u-container-style u-custom-color-1 u-group u-shape-rectangle u-group-1\">\n          <div class=\"u-container-layout u-container-layout-1\">\n            <h1 class=\"u-custom-font u-text u-text-white u-text-1\"> WSP\u00d3LNOTA MIESZKANIOWA PRZY UL. \u015aRODKOWEJ 7<br>W WARSZAWIE\n            <\/h1>\n            <p class=\"u-custom-font u-text u-text-white u-text-2\"> ulica \u015arodkowa 7&nbsp;<br>03-430 Warszawa\n            <\/p>\n            <a href=\"#\" class=\"u-border-1 u-border-active-palette-2-base u-border-hover-palette-1-base u-btn u-button-style u-none u-text-body-alt-color u-btn-1\"><span class=\"u-icon\"><svg class=\"u-svg-content\" viewBox=\"0 0 405.333 405.333\" x=\"0px\" y=\"0px\" style=\"width: 1em; height: 1em;\"><path d=\"M373.333,266.88c-25.003,0-49.493-3.904-72.704-11.563c-11.328-3.904-24.192-0.896-31.637,6.699l-46.016,34.752    c-52.8-28.181-86.592-61.952-114.389-114.368l33.813-44.928c8.512-8.512,11.563-20.971,7.915-32.64    C142.592,81.472,138.667,56.96,138.667,32c0-17.643-14.357-32-32-32H32C14.357,0,0,14.357,0,32    c0,205.845,167.488,373.333,373.333,373.333c17.643,0,32-14.357,32-32V298.88C405.333,281.237,390.976,266.88,373.333,266.88z\"><\/path><\/svg><img><\/span>&nbsp;+48 600 805 278\n            <\/a>\n            <a href=\"#\" class=\"u-border-1 u-border-active-palette-2-base u-border-hover-palette-1-base u-btn u-button-style u-none u-text-white u-btn-2\"><span class=\"u-file-icon u-icon u-text-white u-icon-2\"><img decoding=\"async\" src=\"https:\/\/www.srodkowa7.pl\/wp-content\/uploads\/2022\/04\/5.png\" alt=\"\"><\/span>&nbsp;\u200b\n                kontakt@srodkowa7.pl\n            <\/a>\n            <div class=\"u-expanded-width-xs u-grey-light-2 u-map u-map-1\">\n              <div class=\"embed-responsive\">\n                <iframe class=\"embed-responsive-item\" src=\"\/\/maps.google.com\/maps?output=embed&amp;q=03-430%20Warszawa%2C%20ul.%20%C5%9Arodkowa%207&amp;z=12&amp;t=m\" data-map=\"JTdCJTIycG9zaXRpb25UeXBlJTIyJTNBJTIybWFwLWFkZHJlc3MlMjIlMkMlMjJhZGRyZXNzJTIyJTNBJTIyMDMtNDMwJTIwV2Fyc3phd2ElMkMlMjB1bC4lMjAlQzUlOUFyb2Rrb3dhJTIwNyUyMiUyQyUyMnpvb20lMjIlM0ExMiUyQyUyMnR5cGVJZCUyMiUzQSUyMnJvYWQlMjIlMkMlMjJsYW5nJTIyJTNBbnVsbCUyQyUyMmFwaUtleSUyMiUzQW51bGwlMkMlMjJtYXJrZXJzJTIyJTNBJTVCJTVEJTdE\"><\/iframe>\n              <\/div>\n            <\/div>\n          <\/div>\n        <\/div>\n        <div alt=\"\" class=\"u-border-2 u-border-custom-color-2 u-image u-image-circle u-image-1\" data-image-width=\"510\" data-image-height=\"510\" style=\"background-image: url(&quot;https:\/\/www.srodkowa7.pl\/wp-content\/uploads\/2022\/04\/srodkowa7-logo-RGB-K05.jpg&quot;);\"><\/div>\n      <\/div>\n    <\/section>\n    \n    \n    \n  \n","protected":false},"excerpt":{"rendered":"<p>WSP\u00d3LNOTA MIESZKANIOWA PRZY UL. \u015aRODKOWEJ 7W WARSZAWIE ulica \u015arodkowa 7&nbsp;03-430 Warszawa &nbsp;+48 600 805 278 &nbsp;\u200b kontakt@srodkowa7.pl<\/p>\n","protected":false},"author":1,"featured_media":0,"parent":0,"menu_order":4,"comment_status":"closed","ping_status":"closed","template":"","meta":{"footnotes":""},"class_list":["post-15","page","type-page","status-publish","hentry"],"_links":{"self":[{"href":"https:\/\/www.srodkowa7.pl\/index.php?rest_route=\/wp\/v2\/pages\/15","targetHints":{"allow":["GET"]}}],"collection":[{"href":"https:\/\/www.srodkowa7.pl\/index.php?rest_route=\/wp\/v2\/pages"}],"about":[{"href":"https:\/\/www.srodkowa7.pl\/index.php?rest_route=\/wp\/v2\/types\/page"}],"author":[{"embeddable":true,"href":"https:\/\/www.srodkowa7.pl\/index.php?rest_route=\/wp\/v2\/users\/1"}],"replies":[{"embeddable":true,"href":"https:\/\/www.srodkowa7.pl\/index.php?rest_route=%2Fwp%2Fv2%2Fcomments&post=15"}],"version-history":[{"count":1,"href":"https:\/\/www.srodkowa7.pl\/index.php?rest_route=\/wp\/v2\/pages\/15\/revisions"}],"predecessor-version":[{"id":19,"href":"https:\/\/www.srodkowa7.pl\/index.php?rest_route=\/wp\/v2\/pages\/15\/revisions\/19"}],"wp:attachment":[{"href":"https:\/\/www.srodkowa7.pl\/index.php?rest_route=%2Fwp%2Fv2%2Fmedia&parent=15"}],"curies":[{"name":"wp","href":"https:\/\/api.w.org\/{rel}","templated":true}]}}