{"id":206,"date":"2022-11-29T18:33:08","date_gmt":"2022-11-29T17:33:08","guid":{"rendered":"https:\/\/www.srodkowa7.pl\/?page_id=206"},"modified":"2022-12-01T20:41:25","modified_gmt":"2022-12-01T19:41:25","slug":"zapytania-ofertowe","status":"publish","type":"page","link":"https:\/\/www.srodkowa7.pl\/?page_id=206","title":{"rendered":"Zapytania ofertowe"},"content":{"rendered":"\n    \n    <section class=\"u-clearfix u-palette-2-base u-section-2\" id=\"sec-b7f4\">\n      <div class=\"u-clearfix u-sheet u-sheet-1\">\n        <div class=\"u-blog u-expanded-width u-pagination-center u-blog-1\">\n          <div class=\"u-repeater u-repeater-1\">\n            <div class=\"u-align-left-sm u-align-left-xs u-blog-post u-container-style u-repeater-item u-shape-rectangle u-white u-repeater-item-1\">\n              <div class=\"u-container-layout u-similar-container u-valign-bottom-sm u-valign-bottom-xs u-container-layout-1\">\n                <h2 class=\"u-align-left-lg u-align-left-md u-align-left-xl u-blog-control u-text u-text-1\">\n                  <a class=\"u-post-header-link\" href=\"https:\/\/www.srodkowa7.pl\/?p=269\">Wymiana drzwi wej\u015bciowych do lokali mieszkalnych<\/a>\n                <\/h2>\n                <div class=\"u-blog-control u-metadata u-text-grey-40 u-metadata-1\">\n                  <span class=\"u-meta-date u-meta-icon\">22 czerwca 2023<\/span>\n                  <span class=\"u-meta-comments u-meta-icon\"><a class=\"u-textlink\" href=\"https:\/\/www.srodkowa7.pl\/?p=269#respond\">Comments (0)<\/a><\/span>\n                <\/div>\n                <div class=\"u-align-left-lg u-align-left-md u-align-left-xl u-blog-control u-post-content u-text u-text-2\"><p>\nWsp\u00f3lnota Mieszkaniowa przy ul. \u015arodkowej 7 w Warszawie zaprasza do sk\u0142adania ofert na wymian\u0119 stolarki drzwiowej wewn\u0119trznej drzwi wej\u015bciowych do &hellip;<\/p>\n                <\/div>\n                <a href=\"https:\/\/www.srodkowa7.pl\/?p=269\" class=\"u-blog-control u-border-none u-btn u-button-style u-hover-palette-2-base u-palette-3-base u-btn-1\">pe\u0142ny tekst ZAPYTANIA<\/a>\n              <\/div>\n            <\/div>\n            <div class=\"u-align-left-sm u-align-left-xs u-blog-post u-container-style u-repeater-item u-shape-rectangle u-white u-repeater-item-1\">\n              <div class=\"u-container-layout u-similar-container u-valign-bottom-sm u-valign-bottom-xs u-container-layout-1\">\n                <h2 class=\"u-align-left-lg u-align-left-md u-align-left-xl u-blog-control u-text u-text-1\">\n                  <a class=\"u-post-header-link\" href=\"https:\/\/www.srodkowa7.pl\/?p=196\">Przegl\u0105d kominiarski<\/a>\n                <\/h2>\n                <div class=\"u-blog-control u-metadata u-text-grey-40 u-metadata-1\">\n                  <span class=\"u-meta-date u-meta-icon\">1 grudnia 2022<\/span>\n                  <span class=\"u-meta-comments u-meta-icon\"><a class=\"u-textlink\" href=\"https:\/\/www.srodkowa7.pl\/?p=196#respond\">Comments (0)<\/a><\/span>\n                <\/div>\n                <div class=\"u-align-left-lg u-align-left-md u-align-left-xl u-blog-control u-post-content u-text u-text-2\"><p>\nWsp\u00f3lnota Mieszkaniowa przy ul. \u015arodkowej 7 w Warszawie zaprasza uprawnione podmioty do sk\u0142adania ofert na wykonanie okresowego przegl\u0105du &hellip;<\/p>\n                <\/div>\n                <a href=\"https:\/\/www.srodkowa7.pl\/?p=196\" class=\"u-blog-control u-border-none u-btn u-button-style u-hover-palette-2-base u-palette-3-base u-btn-1\">pe\u0142ny tekst ZAPYTANIA<\/a>\n              <\/div>\n            <\/div>\n            <div class=\"u-align-left-sm u-align-left-xs u-blog-post u-container-style u-repeater-item u-shape-rectangle u-white u-repeater-item-1\">\n              <div class=\"u-container-layout u-similar-container u-valign-bottom-sm u-valign-bottom-xs u-container-layout-1\">\n                <h2 class=\"u-align-left-lg u-align-left-md u-align-left-xl u-blog-control u-text u-text-1\">\n                  <a class=\"u-post-header-link\" href=\"https:\/\/www.srodkowa7.pl\/?p=209\">Przegl\u0105d gazowy<\/a>\n                <\/h2>\n                <div class=\"u-blog-control u-metadata u-text-grey-40 u-metadata-1\">\n                  <span class=\"u-meta-date u-meta-icon\">29 listopada 2022<\/span>\n                  <span class=\"u-meta-comments u-meta-icon\"><a class=\"u-textlink\" href=\"https:\/\/www.srodkowa7.pl\/?p=209#respond\">Comments (0)<\/a><\/span>\n                <\/div>\n                <div class=\"u-align-left-lg u-align-left-md u-align-left-xl u-blog-control u-post-content u-text u-text-2\"><p>\nWsp\u00f3lnota Mieszkaniowa przy ul. \u015arodkowej 7 w Warszawie zaprasza uprawnione podmioty do sk\u0142adania ofert na wykonanie okresowego przegl\u0105du gazowego &hellip;<\/p>\n                <\/div>\n                <a href=\"https:\/\/www.srodkowa7.pl\/?p=209\" class=\"u-blog-control u-border-none u-btn u-button-style u-hover-palette-2-base u-palette-3-base u-btn-1\">pe\u0142ny tekst ZAPYTANIA<\/a>\n              <\/div>\n            <\/div>\n            <div class=\"u-align-left-sm u-align-left-xs u-blog-post u-container-style u-repeater-item u-shape-rectangle u-white u-repeater-item-1\">\n              <div class=\"u-container-layout u-similar-container u-valign-bottom-sm u-valign-bottom-xs u-container-layout-1\">\n                <h2 class=\"u-align-left-lg u-align-left-md u-align-left-xl u-blog-control u-text u-text-1\">\n                  <a class=\"u-post-header-link\" href=\"https:\/\/www.srodkowa7.pl\/?p=211\">Przegl\u0105d budowlany<\/a>\n                <\/h2>\n                <div class=\"u-blog-control u-metadata u-text-grey-40 u-metadata-1\">\n                  <span class=\"u-meta-date u-meta-icon\">25 listopada 2022<\/span>\n                  <span class=\"u-meta-comments u-meta-icon\"><a class=\"u-textlink\" href=\"https:\/\/www.srodkowa7.pl\/?p=211#respond\">Comments (0)<\/a><\/span>\n                <\/div>\n                <div class=\"u-align-left-lg u-align-left-md u-align-left-xl u-blog-control u-post-content u-text u-text-2\"><p>\nWsp\u00f3lnota Mieszkaniowa przy ul. \u015arodkowej 7 w Warszawie zaprasza uprawnione podmioty do sk\u0142adania ofert na wykonanie okresowego 1-rocznego &hellip;<\/p>\n                <\/div>\n                <a href=\"https:\/\/www.srodkowa7.pl\/?p=211\" class=\"u-blog-control u-border-none u-btn u-button-style u-hover-palette-2-base u-palette-3-base u-btn-1\">pe\u0142ny tekst ZAPYTANIA<\/a>\n              <\/div>\n            <\/div>\n            <div class=\"u-align-left-sm u-align-left-xs u-blog-post u-container-style u-repeater-item u-shape-rectangle u-white u-repeater-item-1\">\n              <div class=\"u-container-layout u-similar-container u-valign-bottom-sm u-valign-bottom-xs u-container-layout-1\">\n                <h2 class=\"u-align-left-lg u-align-left-md u-align-left-xl u-blog-control u-text u-text-1\">\n                  <a class=\"u-post-header-link\" href=\"https:\/\/www.srodkowa7.pl\/?p=213\">Projekt budowlany remontu balkon\u00f3w<\/a>\n                <\/h2>\n                <div class=\"u-blog-control u-metadata u-text-grey-40 u-metadata-1\">\n                  <span class=\"u-meta-date u-meta-icon\">5 czerwca 2022<\/span>\n                  <span class=\"u-meta-comments u-meta-icon\"><a class=\"u-textlink\" href=\"https:\/\/www.srodkowa7.pl\/?p=213#respond\">Comments (0)<\/a><\/span>\n                <\/div>\n                <div class=\"u-align-left-lg u-align-left-md u-align-left-xl u-blog-control u-post-content u-text u-text-2\"><p>\nWsp\u00f3lnota Mieszkaniowa przy ul. \u015arodkowej 7 w Warszawie zaprasza uprawnione podmioty do sk\u0142adania ofert na wykonanie projektu budowlanego remontu &hellip;<\/p>\n                <\/div>\n                <a href=\"https:\/\/www.srodkowa7.pl\/?p=213\" class=\"u-blog-control u-border-none u-btn u-button-style u-hover-palette-2-base u-palette-3-base u-btn-1\">pe\u0142ny tekst ZAPYTANIA<\/a>\n              <\/div>\n            <\/div>\n          <\/div>\n          <div class=\"u-list-control\">\n          <\/div>\n        <\/div>\n      <\/div>\n    <\/section>\n    \n    \n  \n","protected":false},"excerpt":{"rendered":"<p>Wymiana drzwi wej\u015bciowych do lokali mieszkalnych 22 czerwca 2023 Comments (0) Wsp\u00f3lnota Mieszkaniowa przy ul. \u015arodkowej 7 w Warszawie zaprasza do sk\u0142adania ofert na wymian\u0119 stolarki drzwiowej wewn\u0119trznej drzwi wej\u015bciowych do &hellip; pe\u0142ny tekst ZAPYTANIA Przegl\u0105d kominiarski 1 grudnia 2022 Comments (0) Wsp\u00f3lnota Mieszkaniowa przy ul. \u015arodkowej 7 w Warszawie zaprasza uprawnione podmioty do sk\u0142adania &hellip; <a href=\"https:\/\/www.srodkowa7.pl\/?page_id=206\" class=\"more-link\">Continue reading<span class=\"screen-reader-text\"> &#8220;Zapytania ofertowe&#8221;<\/span><\/a><\/p>\n","protected":false},"author":1,"featured_media":0,"parent":12,"menu_order":3,"comment_status":"closed","ping_status":"closed","template":"","meta":{"footnotes":""},"class_list":["post-206","page","type-page","status-publish","hentry"],"_links":{"self":[{"href":"https:\/\/www.srodkowa7.pl\/index.php?rest_route=\/wp\/v2\/pages\/206","targetHints":{"allow":["GET"]}}],"collection":[{"href":"https:\/\/www.srodkowa7.pl\/index.php?rest_route=\/wp\/v2\/pages"}],"about":[{"href":"https:\/\/www.srodkowa7.pl\/index.php?rest_route=\/wp\/v2\/types\/page"}],"author":[{"embeddable":true,"href":"https:\/\/www.srodkowa7.pl\/index.php?rest_route=\/wp\/v2\/users\/1"}],"replies":[{"embeddable":true,"href":"https:\/\/www.srodkowa7.pl\/index.php?rest_route=%2Fwp%2Fv2%2Fcomments&post=206"}],"version-history":[{"count":3,"href":"https:\/\/www.srodkowa7.pl\/index.php?rest_route=\/wp\/v2\/pages\/206\/revisions"}],"predecessor-version":[{"id":228,"href":"https:\/\/www.srodkowa7.pl\/index.php?rest_route=\/wp\/v2\/pages\/206\/revisions\/228"}],"up":[{"embeddable":true,"href":"https:\/\/www.srodkowa7.pl\/index.php?rest_route=\/wp\/v2\/pages\/12"}],"wp:attachment":[{"href":"https:\/\/www.srodkowa7.pl\/index.php?rest_route=%2Fwp%2Fv2%2Fmedia&parent=206"}],"curies":[{"name":"wp","href":"https:\/\/api.w.org\/{rel}","templated":true}]}}