{"id":236,"date":"2022-01-14T08:23:28","date_gmt":"2022-01-14T07:23:28","guid":{"rendered":"https:\/\/www.srodkowa7.pl\/?page_id=236"},"modified":"2022-12-14T10:35:20","modified_gmt":"2022-12-14T09:35:20","slug":"rodo","status":"publish","type":"page","link":"https:\/\/www.srodkowa7.pl\/?page_id=236","title":{"rendered":"RODO"},"content":{"rendered":"\n    \n    <section class=\"u-clearfix u-palette-2-base u-section-2\" id=\"sec-f246\">\n      <div class=\"u-clearfix u-sheet u-valign-middle u-sheet-1\">\n        <div class=\"u-clearfix u-expanded-width u-gutter-0 u-layout-wrap u-layout-wrap-1\">\n          <div class=\"u-layout\">\n            <div class=\"u-layout-row\">\n              <div class=\"u-align-center u-container-style u-layout-cell u-left-cell u-size-23 u-layout-cell-1\">\n                <div class=\"u-container-layout u-container-layout-1\">\n                  <div alt=\"\" class=\"u-border-3 u-border-palette-3-base u-image u-image-circle u-image-1\" src=\"\" data-image-width=\"510\" data-image-height=\"510\" style=\"background-image: url(&quot;https:\/\/www.srodkowa7.pl\/wp-content\/uploads\/2022\/04\/srodkowa7-logo-RGB-K05.jpg&quot;);\"><\/div>\n                <\/div>\n              <\/div>\n              <div class=\"u-align-left u-container-style u-layout-cell u-right-cell u-size-37 u-layout-cell-2\">\n                <div class=\"u-container-layout u-valign-top u-container-layout-2\">\n                  <h2 class=\"u-text u-text-default u-text-1\">RODO<\/h2>\n                  <p class=\"u-text u-text-2\"> rozporz\u0105dzenie Parlamentu Europejskiego i Rady (UE) 2016\/679 z dnia 27 kwietnia 2016 r. w sprawie ochrony os\u00f3b fizycznych w zwi\u0105zku z przetwarzaniem danych osobowych i w sprawie swobodnego przep\u0142ywu takich danych oraz uchylenia dyrektywy 95\/46\/WE (Dz.Urz. UE serii UE serii L nr 119 z 4 maja 2016 r., s. 1)<\/p>\n                  <a href=\"https:\/\/eur-lex.europa.eu\/legal-content\/PL\/TXT\/PDF\/?uri=CELEX:32016R0679&amp;from=PL\" class=\"u-active-none u-border-none u-btn u-button-style u-file-link u-hover-palette-2-base u-palette-3-base u-text-active-palette-2-base u-btn-1\" target=\"_blank\">Pobierz<\/a>\n                <\/div>\n              <\/div>\n            <\/div>\n          <\/div>\n        <\/div>\n      <\/div>\n    <\/section>\n    <section class=\"u-clearfix u-palette-2-base u-section-3\" id=\"sec-0130\">\n      <div class=\"u-clearfix u-sheet u-valign-middle u-sheet-1\">\n        <div class=\"u-blog u-expanded-width u-pagination-center u-blog-1\" data-max-items=\"2\">\n          <div class=\"u-repeater u-repeater-1\">\n            <div class=\"u-align-left-xs u-blog-post u-container-style u-repeater-item u-white u-repeater-item-1\">\n              <div class=\"u-container-layout u-similar-container u-container-layout-1\">\n                <h4 class=\"u-align-left-lg u-align-left-md u-align-left-sm u-align-left-xl u-blog-control u-text u-text-1\">\n                  <a class=\"u-post-header-link\" href=\"https:\/\/www.srodkowa7.pl\/?p=256\">Klauzula informacyjna - DANE OSOBOWE<\/a>\n                <\/h4>\n                <div class=\"u-align-left-lg u-align-left-md u-align-left-sm u-align-left-xl u-blog-control u-post-content u-text u-text-2\"><p>\nZgodnie z art. 13 og\u00f3lnego rozporz\u0105dzenia o ochronie danych z dnia 27 kwietnia 2016 r. (Dz. Urz. UE. L. 2016.119.1 z 04.05.2016 r.), dalej RODO, &hellip;<\/p>\n                <\/div>\n                <a href=\"https:\/\/www.srodkowa7.pl\/?p=256\" class=\"u-active-palette-2-base u-blog-control u-border-2 u-border-active-palette-2-dark-1 u-border-hover-palette-2-base u-border-palette-1-base u-btn u-btn-round u-button-style u-hover-none u-none u-text-active-white u-text-hover-palette-3-base u-text-palette-2-base u-btn-1\">Read More<\/a>\n              <\/div>\n            <\/div>\n            <div class=\"u-align-left-xs u-blog-post u-container-style u-repeater-item u-white u-repeater-item-2\">\n              <div class=\"u-container-layout u-similar-container u-container-layout-2\">\n                <h4 class=\"u-align-left-lg u-align-left-md u-align-left-sm u-align-left-xl u-blog-control u-text u-text-3\">\n                  <a class=\"u-post-header-link\" href=\"https:\/\/www.srodkowa7.pl\/?p=254\">Klauzula informacyjna - MONITORING WIZYJNY<\/a>\n                <\/h4>\n                <div class=\"u-align-left-lg u-align-left-md u-align-left-sm u-align-left-xl u-blog-control u-post-content u-text u-text-4\"><p>\nZgodnie z art. 13 og\u00f3lnego rozporz\u0105dzenia o ochronie danych z dnia 27 kwietnia 2016 r. (Dz. Urz. UE. L. 2016.119.1 z 04.05.2016 r.), dalej RODO, &hellip;<\/p>\n                <\/div>\n                <a href=\"https:\/\/www.srodkowa7.pl\/?p=254\" class=\"u-active-palette-2-base u-blog-control u-border-2 u-border-active-palette-2-dark-1 u-border-hover-palette-2-base u-border-palette-1-base u-btn u-btn-round u-button-style u-hover-none u-none u-text-active-white u-text-hover-palette-3-base u-text-palette-2-base u-btn-2\">Read More<\/a>\n              <\/div>\n            <\/div>\n          <\/div>\n          <div class=\"u-list-control\"><\/div>\n        <\/div>\n      <\/div>\n    <\/section>\n    \n    \n  \n","protected":false},"excerpt":{"rendered":"<p>RODO rozporz\u0105dzenie Parlamentu Europejskiego i Rady (UE) 2016\/679 z dnia 27 kwietnia 2016 r. w sprawie ochrony os\u00f3b fizycznych w zwi\u0105zku z przetwarzaniem danych osobowych i w sprawie swobodnego przep\u0142ywu takich danych oraz uchylenia dyrektywy 95\/46\/WE (Dz.Urz. UE serii UE serii L nr 119 z 4 maja 2016 r., s. 1) Pobierz Klauzula informacyjna &#8211; &hellip; <a href=\"https:\/\/www.srodkowa7.pl\/?page_id=236\" class=\"more-link\">Continue reading<span class=\"screen-reader-text\"> &#8220;RODO&#8221;<\/span><\/a><\/p>\n","protected":false},"author":1,"featured_media":0,"parent":0,"menu_order":0,"comment_status":"closed","ping_status":"closed","template":"","meta":{"footnotes":""},"class_list":["post-236","page","type-page","status-publish","hentry"],"_links":{"self":[{"href":"https:\/\/www.srodkowa7.pl\/index.php?rest_route=\/wp\/v2\/pages\/236","targetHints":{"allow":["GET"]}}],"collection":[{"href":"https:\/\/www.srodkowa7.pl\/index.php?rest_route=\/wp\/v2\/pages"}],"about":[{"href":"https:\/\/www.srodkowa7.pl\/index.php?rest_route=\/wp\/v2\/types\/page"}],"author":[{"embeddable":true,"href":"https:\/\/www.srodkowa7.pl\/index.php?rest_route=\/wp\/v2\/users\/1"}],"replies":[{"embeddable":true,"href":"https:\/\/www.srodkowa7.pl\/index.php?rest_route=%2Fwp%2Fv2%2Fcomments&post=236"}],"version-history":[{"count":9,"href":"https:\/\/www.srodkowa7.pl\/index.php?rest_route=\/wp\/v2\/pages\/236\/revisions"}],"predecessor-version":[{"id":253,"href":"https:\/\/www.srodkowa7.pl\/index.php?rest_route=\/wp\/v2\/pages\/236\/revisions\/253"}],"wp:attachment":[{"href":"https:\/\/www.srodkowa7.pl\/index.php?rest_route=%2Fwp%2Fv2%2Fmedia&parent=236"}],"curies":[{"name":"wp","href":"https:\/\/api.w.org\/{rel}","templated":true}]}}