{"id":53,"date":"2022-04-23T21:37:16","date_gmt":"2022-04-23T19:37:16","guid":{"rendered":"https:\/\/www.srodkowa7.pl\/?page_id=53"},"modified":"2022-04-24T14:32:01","modified_gmt":"2022-04-24T12:32:01","slug":"akty-prawne","status":"publish","type":"page","link":"https:\/\/www.srodkowa7.pl\/?page_id=53","title":{"rendered":"Akty Prawne"},"content":{"rendered":"\n    \n    <section class=\"u-clearfix u-palette-2-base u-section-2\" id=\"carousel_8b2b\">\n      <div class=\"u-clearfix u-sheet u-sheet-1\">\n        <h2 class=\"u-align-center u-text u-text-1\">Akty Prawne<\/h2>\n        <div class=\"u-shape u-shape-rectangle u-white u-shape-1\"><\/div>\n        <div class=\"u-clearfix u-gutter-0 u-layout-wrap u-layout-wrap-1\">\n          <div class=\"u-layout\" style=\"\">\n            <div class=\"u-layout-row\" style=\"\">\n              <div class=\"u-container-style u-layout-cell u-left-cell u-shape-rectangle u-size-18 u-layout-cell-1\">\n                <div class=\"u-container-layout u-valign-middle u-container-layout-1\">\n                  <img decoding=\"async\" src=\"https:\/\/www.srodkowa7.pl\/wp-content\/uploads\/2022\/04\/paragraf.jpg\" alt=\"\" class=\"u-border-4 u-border-palette-3-base u-expanded-width u-image u-image-default u-image-1\" data-image-width=\"1600\" data-image-height=\"1600\">\n                <\/div>\n              <\/div>\n              <div class=\"u-container-style u-layout-cell u-right-cell u-shape-rectangle u-size-42 u-layout-cell-2\">\n                <div class=\"u-container-layout u-container-layout-2\">\n                  <p class=\"u-align-justify u-custom-font u-heading-font u-text u-text-palette-2-base u-text-2\"> Wsp\u00f3lnot\u0119 mieszkaniow\u0105 tworzy og\u00f3\u0142 w\u0142a\u015bcicieli, kt\u00f3rych lokale (zar\u00f3wno mieszkalne jak i u\u017cytkowe) wchodz\u0105 w sk\u0142ad okre\u015blonej nieruchomo\u015bci wyodr\u0119bnionych i niewyodr\u0119bnionych. Wsp\u00f3lnota jest&nbsp;jednostk\u0105 organizacyjn\u0105 nie posiadaj\u0105c\u0105 osobowo\u015bci prawnej, ale mo\u017ce nabywa\u0107 prawa i&nbsp;zaci\u0105ga\u0107 zobowi\u0105zania, pozywa\u0107 i by\u0107 pozywana. Wsp\u00f3lnota mieszkaniowa powstaje automatycznie, z&nbsp;mocy prawa, z chwil\u0105 ustanowienia odr\u0119bnej w\u0142asno\u015bci co najmniej jednego lokalu. Jej funkcjonowanie reguluj\u0105 i wywieraj\u0105 wp\u0142yw na jej funkcjonowanie nast\u0119puj\u0105ce akty prawne:<\/p>\n                  <ul class=\"u-align-left u-custom-list u-file-icon u-text u-text-3\">\n                    <li>\n                      <div class=\"u-list-icon\">\n                        <img decoding=\"async\" src=\"https:\/\/www.srodkowa7.pl\/wp-content\/uploads\/2022\/04\/adobe-pdf-icon.png\" alt=\"\">\n                      <\/div>\n                      <a href=\"https:\/\/www.srodkowa7.pl\/wp-content\/uploads\/2022\/04\/Ustawa_o_wlasnosci_lokali.pdf\" target=\"_blank\" class=\"u-active-none u-border-none u-btn u-button-style u-hover-none u-none u-text-palette-1-base u-btn-1\">Ustawa o w\u0142asno\u015bci lokali<\/a>\n                    <\/li>\n                    <li>\n                      <div class=\"u-list-icon\">\n                        <img decoding=\"async\" src=\"https:\/\/www.srodkowa7.pl\/wp-content\/uploads\/2022\/04\/adobe-pdf-icon.png\" alt=\"\">\n                      <\/div>\n                      <a href=\"https:\/\/www.srodkowa7.pl\/wp-content\/uploads\/2022\/04\/Ustawa_o_ochronie_lokatorow.pdf\" target=\"_blank\" class=\"u-active-none u-border-none u-btn u-button-style u-hover-none u-none u-text-palette-1-base u-btn-2\">Ustawa o ochronie praw lokator\u00f3w, mieszkaniowym zasobie gminy i o zmianie kodeksu cywilnego<\/a>\n                    <\/li>\n                    <li>\n                      <div class=\"u-list-icon\">\n                        <img decoding=\"async\" src=\"https:\/\/www.srodkowa7.pl\/wp-content\/uploads\/2022\/04\/adobe-pdf-icon.png\" alt=\"\">\n                      <\/div>\n                      <a href=\"https:\/\/www.srodkowa7.pl\/wp-content\/uploads\/2022\/04\/Ustawa_o_dodatkach_mieszk.pdf\" target=\"_blank\" class=\"u-active-none u-border-none u-btn u-button-style u-hover-none u-none u-text-palette-1-base u-btn-3\">Ustawa o dodatkach mieszkaniowych<\/a>\n                    <\/li>\n                    <li>\n                      <div class=\"u-list-icon\">\n                        <img decoding=\"async\" src=\"https:\/\/www.srodkowa7.pl\/wp-content\/uploads\/2022\/04\/adobe-pdf-icon.png\" alt=\"\">\n                      <\/div>\n                      <a href=\"https:\/\/www.srodkowa7.pl\/wp-content\/uploads\/2022\/04\/Prawo_Budowlane_2022.pdf\" target=\"_blank\" class=\"u-active-none u-border-none u-btn u-button-style u-hover-none u-none u-text-palette-1-base u-btn-4\">Prawo budowlane<\/a>\n                    <\/li>\n                    <li>\n                      <div class=\"u-list-icon\">\n                        <img decoding=\"async\" src=\"https:\/\/www.srodkowa7.pl\/wp-content\/uploads\/2022\/04\/adobe-pdf-icon.png\" alt=\"\">\n                      <\/div>\n                      <a href=\"https:\/\/www.srodkowa7.pl\/wp-content\/uploads\/2022\/04\/Rozporzadzenie_MI-2021.pdf\" target=\"_blank\" class=\"u-active-none u-border-none u-btn u-button-style u-hover-none u-none u-text-palette-1-base u-btn-5\">Rozporz\u0105dzenie Ministra Infrastruktury w sprawie warunk\u00f3w technicznych, jakim powinny odpowiada\u0107 budynki i ich usytuowanie<\/a>\n                    <\/li>\n                    <li>\n                      <div class=\"u-list-icon\">\n                        <img decoding=\"async\" src=\"https:\/\/www.srodkowa7.pl\/wp-content\/uploads\/2022\/04\/adobe-pdf-icon.png\" alt=\"\">\n                      <\/div>\n                      <a href=\"https:\/\/www.srodkowa7.pl\/wp-content\/uploads\/2022\/04\/Ustawa_o_gospodarce_nieruch.pdf\" target=\"_blank\" class=\"u-active-none u-border-none u-btn u-button-style u-hover-none u-none u-text-palette-1-base u-btn-6\">Ustawa o gospodarce nieruchomo\u015bciami<\/a>\n                    <\/li>\n                    <li>\n                      <div class=\"u-list-icon\">\n                        <img decoding=\"async\" src=\"https:\/\/www.srodkowa7.pl\/wp-content\/uploads\/2022\/04\/adobe-pdf-icon.png\" alt=\"\">\n                      <\/div>\n                      <a href=\"https:\/\/www.srodkowa7.pl\/wp-content\/uploads\/2022\/04\/Ustawa_o_ochronie_zabytkow-2022.pdf\" target=\"_blank\" class=\"u-active-none u-border-none u-btn u-button-style u-hover-none u-none u-text-palette-1-base u-btn-7\">Ustawa o ochronie zabytk\u00f3w i opiece nad zabytkami<\/a>\n                    <\/li>\n                  <\/ul>\n                <\/div>\n              <\/div>\n            <\/div>\n          <\/div>\n        <\/div>\n      <\/div>\n    <\/section>\n    \n    \n  \n","protected":false},"excerpt":{"rendered":"<p>Akty Prawne Wsp\u00f3lnot\u0119 mieszkaniow\u0105 tworzy og\u00f3\u0142 w\u0142a\u015bcicieli, kt\u00f3rych lokale (zar\u00f3wno mieszkalne jak i u\u017cytkowe) wchodz\u0105 w sk\u0142ad okre\u015blonej nieruchomo\u015bci wyodr\u0119bnionych i niewyodr\u0119bnionych. Wsp\u00f3lnota jest&nbsp;jednostk\u0105 organizacyjn\u0105 nie posiadaj\u0105c\u0105 osobowo\u015bci prawnej, ale mo\u017ce nabywa\u0107 prawa i&nbsp;zaci\u0105ga\u0107 zobowi\u0105zania, pozywa\u0107 i by\u0107 pozywana. Wsp\u00f3lnota mieszkaniowa powstaje automatycznie, z&nbsp;mocy prawa, z chwil\u0105 ustanowienia odr\u0119bnej w\u0142asno\u015bci co najmniej jednego lokalu. Jej &hellip; <a href=\"https:\/\/www.srodkowa7.pl\/?page_id=53\" class=\"more-link\">Continue reading<span class=\"screen-reader-text\"> &#8220;Akty Prawne&#8221;<\/span><\/a><\/p>\n","protected":false},"author":1,"featured_media":0,"parent":14,"menu_order":0,"comment_status":"closed","ping_status":"closed","template":"","meta":{"footnotes":""},"class_list":["post-53","page","type-page","status-publish","hentry"],"_links":{"self":[{"href":"https:\/\/www.srodkowa7.pl\/index.php?rest_route=\/wp\/v2\/pages\/53","targetHints":{"allow":["GET"]}}],"collection":[{"href":"https:\/\/www.srodkowa7.pl\/index.php?rest_route=\/wp\/v2\/pages"}],"about":[{"href":"https:\/\/www.srodkowa7.pl\/index.php?rest_route=\/wp\/v2\/types\/page"}],"author":[{"embeddable":true,"href":"https:\/\/www.srodkowa7.pl\/index.php?rest_route=\/wp\/v2\/users\/1"}],"replies":[{"embeddable":true,"href":"https:\/\/www.srodkowa7.pl\/index.php?rest_route=%2Fwp%2Fv2%2Fcomments&post=53"}],"version-history":[{"count":8,"href":"https:\/\/www.srodkowa7.pl\/index.php?rest_route=\/wp\/v2\/pages\/53\/revisions"}],"predecessor-version":[{"id":99,"href":"https:\/\/www.srodkowa7.pl\/index.php?rest_route=\/wp\/v2\/pages\/53\/revisions\/99"}],"up":[{"embeddable":true,"href":"https:\/\/www.srodkowa7.pl\/index.php?rest_route=\/wp\/v2\/pages\/14"}],"wp:attachment":[{"href":"https:\/\/www.srodkowa7.pl\/index.php?rest_route=%2Fwp%2Fv2%2Fmedia&parent=53"}],"curies":[{"name":"wp","href":"https:\/\/api.w.org\/{rel}","templated":true}]}}