{"id":74,"date":"2022-04-23T21:47:47","date_gmt":"2022-04-23T19:47:47","guid":{"rendered":"https:\/\/www.srodkowa7.pl\/?page_id=74"},"modified":"2022-12-01T20:32:25","modified_gmt":"2022-12-01T19:32:25","slug":"aktualnosci","status":"publish","type":"page","link":"https:\/\/www.srodkowa7.pl\/?page_id=74","title":{"rendered":"Aktualno\u015bci"},"content":{"rendered":"\n    \n    <section class=\"u-clearfix u-palette-2-base u-section-2\" id=\"sec-1ff0\">\n      <div class=\"u-clearfix u-sheet u-sheet-1\">\n        <h1 class=\"u-align-center u-text u-text-1\">Aktualno\u015bci<\/h1>\n        <div class=\"u-blog u-container-style u-expanded-width u-layout-horizontal u-pagination-center u-blog-1\">\n          <div class=\"u-repeater u-repeater-1\">\n            <div class=\"u-blog-post u-invisible u-container-style u-repeater-item\">\n              <div class=\"u-container-layout u-similar-container u-valign-top-lg u-valign-top-xl u-container-layout-1\"><a class=\"u-blog-control u-image u-image-default u-image-1\" href=\"https:\/\/www.srodkowa7.pl\/?p=269\">\n                <img decoding=\"async\" alt=\"\" class=\"u-blog-control u-image u-image-default u-image-1\" src=\"https:\/\/www.sbm-targowa.pl\/wp-content\/uploads\/2014\/10\/pdf.png\"><\/a>\n                <div class=\"u-container-style u-group u-video-cover u-white u-group-1\">\n                  <div class=\"u-container-layout u-valign-middle-sm u-valign-middle-xs u-valign-top-md u-container-layout-2\">\n                    <h4 class=\"u-blog-control u-text u-text-2\">\n                      <a class=\"u-post-header-link\" href=\"https:\/\/www.srodkowa7.pl\/?p=269\">Wymiana drzwi wej\u015bciowych do lokali mieszkalnych<\/a>\n                    <\/h4>\n                    <div class=\"u-blog-control u-post-content u-text u-text-3\"><p>\nWsp\u00f3lnota Mieszkaniowa przy ul. \u015arodkowej 7 w Warszawie zaprasza do sk\u0142adania ofert na wymian\u0119 stolarki drzwiowej wewn\u0119trznej drzwi wej\u015bciowych do &hellip;<\/p>\n                    <\/div>\n                    <a href=\"https:\/\/www.srodkowa7.pl\/?p=269\" class=\"u-active-none u-blog-control u-border-2 u-border-active-palette-2-dark-1 u-border-hover-palette-2-base u-border-palette-1-base u-btn u-button-style u-hover-none u-none u-text-hover-palette-3-base u-text-palette-2-base u-btn-1\">Read More\n                    <\/a>\n                  <\/div>\n                <\/div>\n              <\/div>\n            <\/div>\n            <div class=\"u-blog-post u-invisible u-container-style u-repeater-item\">\n              <div class=\"u-container-layout u-similar-container u-valign-top-lg u-valign-top-xl u-container-layout-1\"><div class=\"none-post-image\" style=\"display: none;\"><\/div>\n                <div class=\"u-container-style u-group u-video-cover u-white u-group-1\">\n                  <div class=\"u-container-layout u-valign-middle-sm u-valign-middle-xs u-valign-top-md u-container-layout-2\">\n                    <h4 class=\"u-blog-control u-text u-text-2\">\n                      <a class=\"u-post-header-link\" href=\"https:\/\/www.srodkowa7.pl\/?p=196\">Przegl\u0105d kominiarski<\/a>\n                    <\/h4>\n                    <div class=\"u-blog-control u-post-content u-text u-text-3\"><p>\nWsp\u00f3lnota Mieszkaniowa przy ul. \u015arodkowej 7 w Warszawie zaprasza uprawnione podmioty do sk\u0142adania ofert na wykonanie okresowego przegl\u0105du &hellip;<\/p>\n                    <\/div>\n                    <a href=\"https:\/\/www.srodkowa7.pl\/?p=196\" class=\"u-active-none u-blog-control u-border-2 u-border-active-palette-2-dark-1 u-border-hover-palette-2-base u-border-palette-1-base u-btn u-button-style u-hover-none u-none u-text-hover-palette-3-base u-text-palette-2-base u-btn-1\">Read More\n                    <\/a>\n                  <\/div>\n                <\/div>\n              <\/div>\n            <\/div>\n            <div class=\"u-blog-post u-invisible u-container-style u-repeater-item\">\n              <div class=\"u-container-layout u-similar-container u-valign-top-lg u-valign-top-xl u-container-layout-1\"><div class=\"none-post-image\" style=\"display: none;\"><\/div>\n                <div class=\"u-container-style u-group u-video-cover u-white u-group-1\">\n                  <div class=\"u-container-layout u-valign-middle-sm u-valign-middle-xs u-valign-top-md u-container-layout-2\">\n                    <h4 class=\"u-blog-control u-text u-text-2\">\n                      <a class=\"u-post-header-link\" href=\"https:\/\/www.srodkowa7.pl\/?p=209\">Przegl\u0105d gazowy<\/a>\n                    <\/h4>\n                    <div class=\"u-blog-control u-post-content u-text u-text-3\"><p>\nWsp\u00f3lnota Mieszkaniowa przy ul. \u015arodkowej 7 w Warszawie zaprasza uprawnione podmioty do sk\u0142adania ofert na wykonanie okresowego przegl\u0105du gazowego &hellip;<\/p>\n                    <\/div>\n                    <a href=\"https:\/\/www.srodkowa7.pl\/?p=209\" class=\"u-active-none u-blog-control u-border-2 u-border-active-palette-2-dark-1 u-border-hover-palette-2-base u-border-palette-1-base u-btn u-button-style u-hover-none u-none u-text-hover-palette-3-base u-text-palette-2-base u-btn-1\">Read More\n                    <\/a>\n                  <\/div>\n                <\/div>\n              <\/div>\n            <\/div>\n            <div class=\"u-blog-post u-invisible u-container-style u-repeater-item\">\n              <div class=\"u-container-layout u-similar-container u-valign-top-lg u-valign-top-xl u-container-layout-1\"><div class=\"none-post-image\" style=\"display: none;\"><\/div>\n                <div class=\"u-container-style u-group u-video-cover u-white u-group-1\">\n                  <div class=\"u-container-layout u-valign-middle-sm u-valign-middle-xs u-valign-top-md u-container-layout-2\">\n                    <h4 class=\"u-blog-control u-text u-text-2\">\n                      <a class=\"u-post-header-link\" href=\"https:\/\/www.srodkowa7.pl\/?p=211\">Przegl\u0105d budowlany<\/a>\n                    <\/h4>\n                    <div class=\"u-blog-control u-post-content u-text u-text-3\"><p>\nWsp\u00f3lnota Mieszkaniowa przy ul. \u015arodkowej 7 w Warszawie zaprasza uprawnione podmioty do sk\u0142adania ofert na wykonanie okresowego 1-rocznego &hellip;<\/p>\n                    <\/div>\n                    <a href=\"https:\/\/www.srodkowa7.pl\/?p=211\" class=\"u-active-none u-blog-control u-border-2 u-border-active-palette-2-dark-1 u-border-hover-palette-2-base u-border-palette-1-base u-btn u-button-style u-hover-none u-none u-text-hover-palette-3-base u-text-palette-2-base u-btn-1\">Read More\n                    <\/a>\n                  <\/div>\n                <\/div>\n              <\/div>\n            <\/div>\n            <div class=\"u-blog-post u-invisible u-container-style u-repeater-item\">\n              <div class=\"u-container-layout u-similar-container u-valign-top-lg u-valign-top-xl u-container-layout-1\"><a class=\"u-blog-control u-image u-image-default u-image-1\" href=\"https:\/\/www.srodkowa7.pl\/?p=213\">\n                <img decoding=\"async\" alt=\"\" class=\"u-blog-control u-image u-image-default u-image-1\" src=\"https:\/\/www.srodkowa7.pl\/wp-content\/uploads\/2022\/09\/crop-architect-opening-blueprint.jpg\"><\/a>\n                <div class=\"u-container-style u-group u-video-cover u-white u-group-1\">\n                  <div class=\"u-container-layout u-valign-middle-sm u-valign-middle-xs u-valign-top-md u-container-layout-2\">\n                    <h4 class=\"u-blog-control u-text u-text-2\">\n                      <a class=\"u-post-header-link\" href=\"https:\/\/www.srodkowa7.pl\/?p=213\">Projekt budowlany remontu balkon\u00f3w<\/a>\n                    <\/h4>\n                    <div class=\"u-blog-control u-post-content u-text u-text-3\"><p>\nWsp\u00f3lnota Mieszkaniowa przy ul. \u015arodkowej 7 w Warszawie zaprasza uprawnione podmioty do sk\u0142adania ofert na wykonanie projektu budowlanego remontu &hellip;<\/p>\n                    <\/div>\n                    <a href=\"https:\/\/www.srodkowa7.pl\/?p=213\" class=\"u-active-none u-blog-control u-border-2 u-border-active-palette-2-dark-1 u-border-hover-palette-2-base u-border-palette-1-base u-btn u-button-style u-hover-none u-none u-text-hover-palette-3-base u-text-palette-2-base u-btn-1\">Read More\n                    <\/a>\n                  <\/div>\n                <\/div>\n              <\/div>\n            <\/div>\n            <div class=\"u-blog-post u-invisible u-container-style u-repeater-item\">\n              <div class=\"u-container-layout u-similar-container u-valign-top-lg u-valign-top-xl u-container-layout-1\"><a class=\"u-blog-control u-image u-image-default u-image-1\" href=\"https:\/\/www.srodkowa7.pl\/?p=88\">\n                <img decoding=\"async\" alt=\"\" class=\"u-blog-control u-image u-image-default u-image-1\" src=\"https:\/\/www.srodkowa7.pl\/wp-content\/uploads\/2022\/04\/IMG_7942-scaled.jpg\"><\/a>\n                <div class=\"u-container-style u-group u-video-cover u-white u-group-1\">\n                  <div class=\"u-container-layout u-valign-middle-sm u-valign-middle-xs u-valign-top-md u-container-layout-2\">\n                    <h4 class=\"u-blog-control u-text u-text-2\">\n                      <a class=\"u-post-header-link\" href=\"https:\/\/www.srodkowa7.pl\/?p=88\">Drabina na dachu<\/a>\n                    <\/h4>\n                    <div class=\"u-blog-control u-post-content u-text u-text-3\">Zarz\u0105d Wsp\u00f3lnoty zleci\u0142 monta\u017c drabiny dachowej zgodnej z aktualnymi przepisami. \n                    <\/div>\n                    <a href=\"https:\/\/www.srodkowa7.pl\/?p=88\" class=\"u-active-none u-blog-control u-border-2 u-border-active-palette-2-dark-1 u-border-hover-palette-2-base u-border-palette-1-base u-btn u-button-style u-hover-none u-none u-text-hover-palette-3-base u-text-palette-2-base u-btn-1\">Read More\n                    <\/a>\n                  <\/div>\n                <\/div>\n              <\/div>\n            <\/div>\n          <\/div>\n          <a class=\"u-absolute-vcenter u-gallery-nav u-gallery-nav-prev u-grey-70 u-icon-circle u-opacity u-opacity-70 u-spacing-10 u-text-white u-gallery-nav-1\" href=\"#\" role=\"button\">\n            <span aria-hidden=\"true\">\n              <svg viewBox=\"0 0 451.847 451.847\"><path d=\"M97.141,225.92c0-8.095,3.091-16.192,9.259-22.366L300.689,9.27c12.359-12.359,32.397-12.359,44.751,0\nc12.354,12.354,12.354,32.388,0,44.748L173.525,225.92l171.903,171.909c12.354,12.354,12.354,32.391,0,44.744\nc-12.354,12.365-32.386,12.365-44.745,0l-194.29-194.281C100.226,242.115,97.141,234.018,97.141,225.92z\"><\/path><\/svg>\n            <\/span>\n            <span class=\"sr-only\">\n              <svg viewBox=\"0 0 451.847 451.847\"><path d=\"M97.141,225.92c0-8.095,3.091-16.192,9.259-22.366L300.689,9.27c12.359-12.359,32.397-12.359,44.751,0\nc12.354,12.354,12.354,32.388,0,44.748L173.525,225.92l171.903,171.909c12.354,12.354,12.354,32.391,0,44.744\nc-12.354,12.365-32.386,12.365-44.745,0l-194.29-194.281C100.226,242.115,97.141,234.018,97.141,225.92z\"><\/path><\/svg>\n            <\/span>\n          <\/a>\n          <a class=\"u-absolute-vcenter u-gallery-nav u-gallery-nav-next u-grey-70 u-icon-circle u-opacity u-opacity-70 u-spacing-10 u-text-white u-gallery-nav-2\" href=\"#\" role=\"button\">\n            <span aria-hidden=\"true\">\n              <svg viewBox=\"0 0 451.846 451.847\"><path d=\"M345.441,248.292L151.154,442.573c-12.359,12.365-32.397,12.365-44.75,0c-12.354-12.354-12.354-32.391,0-44.744\nL278.318,225.92L106.409,54.017c-12.354-12.359-12.354-32.394,0-44.748c12.354-12.359,32.391-12.359,44.75,0l194.287,194.284\nc6.177,6.18,9.262,14.271,9.262,22.366C354.708,234.018,351.617,242.115,345.441,248.292z\"><\/path><\/svg>\n            <\/span>\n            <span class=\"sr-only\">\n              <svg viewBox=\"0 0 451.846 451.847\"><path d=\"M345.441,248.292L151.154,442.573c-12.359,12.365-32.397,12.365-44.75,0c-12.354-12.354-12.354-32.391,0-44.744\nL278.318,225.92L106.409,54.017c-12.354-12.359-12.354-32.394,0-44.748c12.354-12.359,32.391-12.359,44.75,0l194.287,194.284\nc6.177,6.18,9.262,14.271,9.262,22.366C354.708,234.018,351.617,242.115,345.441,248.292z\"><\/path><\/svg>\n            <\/span>\n          <\/a>\n          <a class=\"u-absolute-vcenter u-gallery-nav u-gallery-nav-prev u-grey-70 u-icon-circle u-opacity u-opacity-70 u-spacing-10 u-text-white u-gallery-nav-3\" href=\"#\" role=\"button\">\n            <span aria-hidden=\"true\">\n              <svg viewBox=\"0 0 451.847 451.847\"><path d=\"M97.141,225.92c0-8.095,3.091-16.192,9.259-22.366L300.689,9.27c12.359-12.359,32.397-12.359,44.751,0\nc12.354,12.354,12.354,32.388,0,44.748L173.525,225.92l171.903,171.909c12.354,12.354,12.354,32.391,0,44.744\nc-12.354,12.365-32.386,12.365-44.745,0l-194.29-194.281C100.226,242.115,97.141,234.018,97.141,225.92z\"><\/path><\/svg>\n            <\/span>\n            <span class=\"sr-only\">\n              <svg viewBox=\"0 0 451.847 451.847\"><path d=\"M97.141,225.92c0-8.095,3.091-16.192,9.259-22.366L300.689,9.27c12.359-12.359,32.397-12.359,44.751,0\nc12.354,12.354,12.354,32.388,0,44.748L173.525,225.92l171.903,171.909c12.354,12.354,12.354,32.391,0,44.744\nc-12.354,12.365-32.386,12.365-44.745,0l-194.29-194.281C100.226,242.115,97.141,234.018,97.141,225.92z\"><\/path><\/svg>\n            <\/span>\n          <\/a>\n          <a class=\"u-absolute-vcenter u-gallery-nav u-gallery-nav-next u-grey-70 u-icon-circle u-opacity u-opacity-70 u-spacing-10 u-text-white u-gallery-nav-4\" href=\"#\" role=\"button\">\n            <span aria-hidden=\"true\">\n              <svg viewBox=\"0 0 451.846 451.847\"><path d=\"M345.441,248.292L151.154,442.573c-12.359,12.365-32.397,12.365-44.75,0c-12.354-12.354-12.354-32.391,0-44.744\nL278.318,225.92L106.409,54.017c-12.354-12.359-12.354-32.394,0-44.748c12.354-12.359,32.391-12.359,44.75,0l194.287,194.284\nc6.177,6.18,9.262,14.271,9.262,22.366C354.708,234.018,351.617,242.115,345.441,248.292z\"><\/path><\/svg>\n            <\/span>\n            <span class=\"sr-only\">\n              <svg viewBox=\"0 0 451.846 451.847\"><path d=\"M345.441,248.292L151.154,442.573c-12.359,12.365-32.397,12.365-44.75,0c-12.354-12.354-12.354-32.391,0-44.744\nL278.318,225.92L106.409,54.017c-12.354-12.359-12.354-32.394,0-44.748c12.354-12.359,32.391-12.359,44.75,0l194.287,194.284\nc6.177,6.18,9.262,14.271,9.262,22.366C354.708,234.018,351.617,242.115,345.441,248.292z\"><\/path><\/svg>\n            <\/span>\n          <\/a>\n        <\/div>\n      <\/div>\n    <\/section>\n    \n    \n  \n","protected":false},"excerpt":{"rendered":"<p>Aktualno\u015bci Wymiana drzwi wej\u015bciowych do lokali mieszkalnych Wsp\u00f3lnota Mieszkaniowa przy ul. \u015arodkowej 7 w Warszawie zaprasza do sk\u0142adania ofert na wymian\u0119 stolarki drzwiowej wewn\u0119trznej drzwi wej\u015bciowych do &hellip; Read More Przegl\u0105d kominiarski Wsp\u00f3lnota Mieszkaniowa przy ul. \u015arodkowej 7 w Warszawie zaprasza uprawnione podmioty do sk\u0142adania ofert na wykonanie okresowego przegl\u0105du &hellip; Read More Przegl\u0105d gazowy &hellip; <a href=\"https:\/\/www.srodkowa7.pl\/?page_id=74\" class=\"more-link\">Continue reading<span class=\"screen-reader-text\"> &#8220;Aktualno\u015bci&#8221;<\/span><\/a><\/p>\n","protected":false},"author":1,"featured_media":0,"parent":0,"menu_order":0,"comment_status":"closed","ping_status":"closed","template":"","meta":{"footnotes":""},"class_list":["post-74","page","type-page","status-publish","hentry"],"_links":{"self":[{"href":"https:\/\/www.srodkowa7.pl\/index.php?rest_route=\/wp\/v2\/pages\/74","targetHints":{"allow":["GET"]}}],"collection":[{"href":"https:\/\/www.srodkowa7.pl\/index.php?rest_route=\/wp\/v2\/pages"}],"about":[{"href":"https:\/\/www.srodkowa7.pl\/index.php?rest_route=\/wp\/v2\/types\/page"}],"author":[{"embeddable":true,"href":"https:\/\/www.srodkowa7.pl\/index.php?rest_route=\/wp\/v2\/users\/1"}],"replies":[{"embeddable":true,"href":"https:\/\/www.srodkowa7.pl\/index.php?rest_route=%2Fwp%2Fv2%2Fcomments&post=74"}],"version-history":[{"count":6,"href":"https:\/\/www.srodkowa7.pl\/index.php?rest_route=\/wp\/v2\/pages\/74\/revisions"}],"predecessor-version":[{"id":225,"href":"https:\/\/www.srodkowa7.pl\/index.php?rest_route=\/wp\/v2\/pages\/74\/revisions\/225"}],"wp:attachment":[{"href":"https:\/\/www.srodkowa7.pl\/index.php?rest_route=%2Fwp%2Fv2%2Fmedia&parent=74"}],"curies":[{"name":"wp","href":"https:\/\/api.w.org\/{rel}","templated":true}]}}